{"id":22,"date":"2020-02-23T01:36:32","date_gmt":"2020-02-23T00:36:32","guid":{"rendered":"https:\/\/www.martakoci.cz\/?page_id=22"},"modified":"2020-03-26T14:23:25","modified_gmt":"2020-03-26T13:23:25","slug":"moje-draha-rodina","status":"publish","type":"page","link":"https:\/\/www.martakoci.cz\/?page_id=22","title":{"rendered":"Moji Pejsci Fil\u00edpek a Bob\u00edk"},"content":{"rendered":"<p><strong>Na obsahu pracuji, jde to zt\u011b\u017eka, v\u0161e je to je\u0161t\u011b moc \u010derstv\u00e9&#8230;<\/strong><\/p>\n<hr>\n<p><strong>P.S.: Tyto \u0159\u00e1dky a historii ji\u017e tvo\u0159\u00ed m\u016fj jedin\u00fd syn M\u00ed\u0161a. J\u00e1 byla p\u0159\u00edl<\/strong><strong>i<\/strong><strong>\u0161 star\u00e1 na to abych tyto v\u011bci n\u011bkdy ch\u00e1pala, nato\u017e je um\u011bla n\u011bkdy vytvo\u0159it ale \u010das v\u0161e m\u011bn\u00ed a tak to m\u00e1 b\u00fdt (pospolitost, pravda, l\u00e1ska a v\u00edra).&nbsp; Bez toho nejde j\u00edt d\u00e1l&#8230; Sna\u017eila jsem se mu ob\u010das i nen\u00e1padn\u011b a rad\u011bji postupn\u011b s ohledem na situaci i jeho v\u011bk za sv\u00e9ho \u017eivota p\u0159ed\u00e1vat to co v\u00edm, tak jak to bylo i to co jsem vn\u00edmala tehdy a i pozd\u011bji tak jak \u010das b\u011b\u017eel kolem n\u00e1s, kolem n\u00e1s v\u0161ech&#8230; Jestli je n\u011bco, po tom, a\u017e tu u\u017e nejsme, jednoho dne pozn\u00e1me v\u0161ichni, ani j\u00e1 si do posledn\u00ed chv\u00edle nebyla jist\u00e1 a pravdou je, \u017ee u\u017e jsem cht\u011bla j\u00edt&#8230; No a te\u010f, kdy\u017e u\u017e tu nejsem&#8230; Asi se sna\u017e\u00edm v\u00e9st odtud jeho prsty slova i my\u0161lenky a v\u016fbec netu\u0161\u00edm zda mne vn\u00edm\u00e1, mo\u017en\u00e1 ne a bude to lep\u0161\u00ed, ale pros\u00edm V\u00e1s v\u0161echny, kte\u0159\u00ed tu je\u0161t\u011b jste, znali jste mne, odpus\u0165te mu drobn\u00e9 nep\u0159esnosti, stejn\u011b jako j\u00e1&#8230;&nbsp; Hled\u00e1 pravdu, hled\u00e1 m\u00edsto, v \u010dase, ve vzpom\u00ednk\u00e1ch, hled\u00e1 pevn\u00fd bod pro n\u00e1s v\u0161echny ned\u016fle\u017e\u00edt\u00e9 a bezejmenn\u00e9&#8230; Nem\u016f\u017ee si v\u0161e pamatovat ale ta s\u00edla, ta ho ho \u017eene vp\u0159ed. Tohle m\u00e1 po sv\u00e9m otci&#8230; Ta cesta ani to hled\u00e1n\u00ed, nem\u00e1 konce, ne zde&#8230;<\/strong><\/p>\n","protected":false},"excerpt":{"rendered":"<p>Na obsahu pracuji, jde to zt\u011b\u017eka, v\u0161e je to je\u0161t\u011b moc \u010derstv\u00e9&#8230; P.S.: Tyto \u0159\u00e1dky a historii ji\u017e tvo\u0159\u00ed m\u016fj jedin\u00fd syn M\u00ed\u0161a. J\u00e1 byla p\u0159\u00edli\u0161 star\u00e1 na to abych tyto v\u011bci n\u011bkdy ch\u00e1pala, nato\u017e je um\u011bla n\u011bkdy vytvo\u0159it ale &hellip; <\/p>\n<div class=\"read-more\"><a href=\"https:\/\/www.martakoci.cz\/?page_id=22\" class=\"more-link\">Read More<\/a><\/div>\n","protected":false},"author":1,"featured_media":0,"parent":0,"menu_order":2,"comment_status":"closed","ping_status":"closed","template":"","meta":{"ngg_post_thumbnail":0,"footnotes":""},"class_list":["post-22","page","type-page","status-publish","hentry","entry"],"_links":{"self":[{"href":"https:\/\/www.martakoci.cz\/index.php?rest_route=\/wp\/v2\/pages\/22","targetHints":{"allow":["GET"]}}],"collection":[{"href":"https:\/\/www.martakoci.cz\/index.php?rest_route=\/wp\/v2\/pages"}],"about":[{"href":"https:\/\/www.martakoci.cz\/index.php?rest_route=\/wp\/v2\/types\/page"}],"author":[{"embeddable":true,"href":"https:\/\/www.martakoci.cz\/index.php?rest_route=\/wp\/v2\/users\/1"}],"replies":[{"embeddable":true,"href":"https:\/\/www.martakoci.cz\/index.php?rest_route=%2Fwp%2Fv2%2Fcomments&post=22"}],"version-history":[{"count":7,"href":"https:\/\/www.martakoci.cz\/index.php?rest_route=\/wp\/v2\/pages\/22\/revisions"}],"predecessor-version":[{"id":144,"href":"https:\/\/www.martakoci.cz\/index.php?rest_route=\/wp\/v2\/pages\/22\/revisions\/144"}],"wp:attachment":[{"href":"https:\/\/www.martakoci.cz\/index.php?rest_route=%2Fwp%2Fv2%2Fmedia&parent=22"}],"curies":[{"name":"wp","href":"https:\/\/api.w.org\/{rel}","templated":true}]}}